{"id":63,"date":"2026-03-20T13:30:24","date_gmt":"2026-03-20T13:30:24","guid":{"rendered":"https:\/\/ayurvedaconalma.com\/?page_id=63"},"modified":"2026-03-20T13:46:28","modified_gmt":"2026-03-20T13:46:28","slug":"quien-soy","status":"publish","type":"page","link":"https:\/\/ayurvedaconalma.com\/?page_id=63","title":{"rendered":"Sobre m\u00ed"},"content":{"rendered":"<div class=\"wp-block-image\">\n<figure class=\"aligncenter size-large is-resized\"><img loading=\"lazy\" decoding=\"async\" width=\"2316\" height=\"1737\" src=\"https:\/\/ayurvedaconalma.com\/wp-content\/uploads\/2026\/03\/IMG_4750-1-edited.jpeg\" alt=\"\" class=\"wp-image-65\" style=\"width:348px;height:auto\" srcset=\"https:\/\/ayurvedaconalma.com\/wp-content\/uploads\/2026\/03\/IMG_4750-1-edited.jpeg 2316w, https:\/\/ayurvedaconalma.com\/wp-content\/uploads\/2026\/03\/IMG_4750-1-edited-300x225.jpeg 300w, https:\/\/ayurvedaconalma.com\/wp-content\/uploads\/2026\/03\/IMG_4750-1-edited-1024x768.jpeg 1024w, https:\/\/ayurvedaconalma.com\/wp-content\/uploads\/2026\/03\/IMG_4750-1-edited-768x576.jpeg 768w, https:\/\/ayurvedaconalma.com\/wp-content\/uploads\/2026\/03\/IMG_4750-1-edited-1536x1152.jpeg 1536w, https:\/\/ayurvedaconalma.com\/wp-content\/uploads\/2026\/03\/IMG_4750-1-edited-2048x1536.jpeg 2048w\" sizes=\"auto, (max-width: 2316px) 100vw, 2316px\" \/><\/figure>\n<\/div>\n\n\n<div class=\"wp-block-group is-vertical is-layout-flex wp-container-core-group-is-layout-8cf370e7 wp-block-group-is-layout-flex\">\n<p class=\"has-text-color has-link-color wp-elements-de1486a7ddf1ab7405daf94e9a797696\" style=\"color:#8e2626\">Me llamo Adriana y actualmente estoy viviendo en Zaragoza, Espa\u00f1a. <\/p>\n\n\n\n<p class=\"has-text-color has-link-color wp-elements-453824b4fa200b4f2cd745c9c305e8e9\" style=\"color:#8e2626\">Soy m\u00e9dica, graduada por la Universidad de Zaragoza, y estoy especializada v\u00eda MIR en medicina familiar y comunitaria. Posteriormente, me form\u00e9 en salud comunitaria y promoci\u00f3n de la salud a trav\u00e9s de la Escuela Andaluza de Salud P\u00fablica.<\/p>\n\n\n\n<p class=\"has-text-color has-link-color wp-elements-240317ee1427efb402afc272046d0688\" style=\"color:#8e2626\">En 2022 comenc\u00e9 a aprender Ayurveda gracias a las formaciones de la Escuela Superior de Ayurveda, en Madrid. Y desde entonces me vengo formando y practicando el ayurveda como gu\u00eda para lograr el equilibrio cuerpo-mente-alma. Tengo formaci\u00f3n en alimentaci\u00f3n y masaje ayurv\u00e9dicos, as\u00ed como en cambio de h\u00e1bitos y salud de la mujer en cada una de las etapas vitales.<\/p>\n\n\n\n<p class=\"has-text-color has-link-color wp-elements-d67f997a3532ee5bfe2f515afe69cd03\" style=\"color:#8e2626\">Mi concepci\u00f3n de salud tiene como objetivo encontrar el equilibrio que nos ayude a prevenir la enfermedad con h\u00e1bitos que podamos integrar en nuestro d\u00eda a d\u00eda. Acompa\u00f1o a personas que buscan ese tipo de cambios o mejorar su salud.<\/p>\n\n\n\n<p class=\"has-text-color has-link-color wp-elements-d89c0c554dcba2a5f48d1a2c4641286e\" style=\"color:#8e2626\">Si sientes que te apetece redirigir tu vida hacia un camino m\u00e1s saludable desde la tradici\u00f3n ayurv\u00e9dica y potenciando la conexi\u00f3n con tu propio cuerpo, escr\u00edbeme y hablamos \ud83d\ude42<\/p>\n<\/div>\n\n\n\n<p class=\"has-text-color has-link-color wp-elements-a8abc5d846f8e76f96d1832b150468b8\" style=\"color:#8e2626\">CUIDATE MUCHO.<\/p>\n\n\n\n<p class=\"has-text-color has-link-color wp-elements-338b257b73e7926c8a208832987a7314\" style=\"color:#8e2626\">Adriana.<\/p>\n\n\n\n<p class=\"has-text-color has-link-color wp-elements-6b6bd25295f1ce853da72f902b940f20\" style=\"color:#8e2626\">Link a <a href=\"https:\/\/www.instagram.com\/p\/DGxU-qstI6L\/\">mi historia con el ayurveda<\/a><\/p>\n\n\n\n<p><\/p>\n","protected":false},"excerpt":{"rendered":"<p>Me llamo Adriana y actualmente estoy viviendo en Zaragoza, Espa\u00f1a. Soy m\u00e9dica, graduada por la Universidad de Zaragoza, y estoy especializada v\u00eda MIR en medicina familiar y comunitaria. [&hellip;]<\/p>\n","protected":false},"author":2,"featured_media":0,"parent":0,"menu_order":0,"comment_status":"closed","ping_status":"closed","template":"","meta":{"footnotes":""},"class_list":["post-63","page","type-page","status-publish","hentry"],"yoast_head":"<!-- This site is optimized with the Yoast SEO plugin v26.1.1 - https:\/\/yoast.com\/wordpress\/plugins\/seo\/ -->\n<title>Sobre m\u00ed - Ayurveda con Alma<\/title>\n<meta name=\"robots\" content=\"index, follow, max-snippet:-1, max-image-preview:large, max-video-preview:-1\" \/>\n<link rel=\"canonical\" href=\"https:\/\/ayurvedaconalma.com\/?page_id=63\" \/>\n<meta property=\"og:locale\" content=\"es_ES\" \/>\n<meta property=\"og:type\" content=\"article\" \/>\n<meta property=\"og:title\" content=\"Sobre m\u00ed - Ayurveda con Alma\" \/>\n<meta property=\"og:description\" content=\"Me llamo Adriana y actualmente estoy viviendo en Zaragoza, Espa\u00f1a. Soy m\u00e9dica, graduada por la Universidad de Zaragoza, y estoy especializada v\u00eda MIR en medicina familiar y comunitaria. [&hellip;]\" \/>\n<meta property=\"og:url\" content=\"https:\/\/ayurvedaconalma.com\/?page_id=63\" \/>\n<meta property=\"og:site_name\" content=\"Ayurveda con Alma\" \/>\n<meta property=\"article:modified_time\" content=\"2026-03-20T13:46:28+00:00\" \/>\n<meta property=\"og:image\" content=\"https:\/\/ayurvedaconalma.com\/wp-content\/uploads\/2026\/03\/IMG_4750-1-edited.jpeg\" \/>\n\t<meta property=\"og:image:width\" content=\"2316\" \/>\n\t<meta property=\"og:image:height\" content=\"1737\" \/>\n\t<meta property=\"og:image:type\" content=\"image\/jpeg\" \/>\n<meta name=\"twitter:card\" content=\"summary_large_image\" \/>\n<meta name=\"twitter:label1\" content=\"Tiempo de lectura\" \/>\n\t<meta name=\"twitter:data1\" content=\"2 minutos\" \/>\n<script type=\"application\/ld+json\" class=\"yoast-schema-graph\">{\"@context\":\"https:\/\/schema.org\",\"@graph\":[{\"@type\":\"WebPage\",\"@id\":\"https:\/\/ayurvedaconalma.com\/?page_id=63\",\"url\":\"https:\/\/ayurvedaconalma.com\/?page_id=63\",\"name\":\"Sobre m\u00ed - Ayurveda con Alma\",\"isPartOf\":{\"@id\":\"https:\/\/ayurvedaconalma.com\/#website\"},\"primaryImageOfPage\":{\"@id\":\"https:\/\/ayurvedaconalma.com\/?page_id=63#primaryimage\"},\"image\":{\"@id\":\"https:\/\/ayurvedaconalma.com\/?page_id=63#primaryimage\"},\"thumbnailUrl\":\"https:\/\/ayurvedaconalma.com\/wp-content\/uploads\/2026\/03\/IMG_4750-1-edited.jpeg\",\"datePublished\":\"2026-03-20T13:30:24+00:00\",\"dateModified\":\"2026-03-20T13:46:28+00:00\",\"breadcrumb\":{\"@id\":\"https:\/\/ayurvedaconalma.com\/?page_id=63#breadcrumb\"},\"inLanguage\":\"es\",\"potentialAction\":[{\"@type\":\"ReadAction\",\"target\":[\"https:\/\/ayurvedaconalma.com\/?page_id=63\"]}]},{\"@type\":\"ImageObject\",\"inLanguage\":\"es\",\"@id\":\"https:\/\/ayurvedaconalma.com\/?page_id=63#primaryimage\",\"url\":\"https:\/\/ayurvedaconalma.com\/wp-content\/uploads\/2026\/03\/IMG_4750-1-edited.jpeg\",\"contentUrl\":\"https:\/\/ayurvedaconalma.com\/wp-content\/uploads\/2026\/03\/IMG_4750-1-edited.jpeg\",\"width\":2316,\"height\":1737},{\"@type\":\"BreadcrumbList\",\"@id\":\"https:\/\/ayurvedaconalma.com\/?page_id=63#breadcrumb\",\"itemListElement\":[{\"@type\":\"ListItem\",\"position\":1,\"name\":\"Portada\",\"item\":\"https:\/\/ayurvedaconalma.com\/\"},{\"@type\":\"ListItem\",\"position\":2,\"name\":\"Sobre m\u00ed\"}]},{\"@type\":\"WebSite\",\"@id\":\"https:\/\/ayurvedaconalma.com\/#website\",\"url\":\"https:\/\/ayurvedaconalma.com\/\",\"name\":\"Ayurveda con Alma\",\"description\":\"\",\"potentialAction\":[{\"@type\":\"SearchAction\",\"target\":{\"@type\":\"EntryPoint\",\"urlTemplate\":\"https:\/\/ayurvedaconalma.com\/?s={search_term_string}\"},\"query-input\":{\"@type\":\"PropertyValueSpecification\",\"valueRequired\":true,\"valueName\":\"search_term_string\"}}],\"inLanguage\":\"es\"}]}<\/script>\n<!-- \/ Yoast SEO plugin. -->","yoast_head_json":{"title":"Sobre m\u00ed - Ayurveda con Alma","robots":{"index":"index","follow":"follow","max-snippet":"max-snippet:-1","max-image-preview":"max-image-preview:large","max-video-preview":"max-video-preview:-1"},"canonical":"https:\/\/ayurvedaconalma.com\/?page_id=63","og_locale":"es_ES","og_type":"article","og_title":"Sobre m\u00ed - Ayurveda con Alma","og_description":"Me llamo Adriana y actualmente estoy viviendo en Zaragoza, Espa\u00f1a. Soy m\u00e9dica, graduada por la Universidad de Zaragoza, y estoy especializada v\u00eda MIR en medicina familiar y comunitaria. [&hellip;]","og_url":"https:\/\/ayurvedaconalma.com\/?page_id=63","og_site_name":"Ayurveda con Alma","article_modified_time":"2026-03-20T13:46:28+00:00","og_image":[{"width":2316,"height":1737,"url":"https:\/\/ayurvedaconalma.com\/wp-content\/uploads\/2026\/03\/IMG_4750-1-edited.jpeg","type":"image\/jpeg"}],"twitter_card":"summary_large_image","twitter_misc":{"Tiempo de lectura":"2 minutos"},"schema":{"@context":"https:\/\/schema.org","@graph":[{"@type":"WebPage","@id":"https:\/\/ayurvedaconalma.com\/?page_id=63","url":"https:\/\/ayurvedaconalma.com\/?page_id=63","name":"Sobre m\u00ed - Ayurveda con Alma","isPartOf":{"@id":"https:\/\/ayurvedaconalma.com\/#website"},"primaryImageOfPage":{"@id":"https:\/\/ayurvedaconalma.com\/?page_id=63#primaryimage"},"image":{"@id":"https:\/\/ayurvedaconalma.com\/?page_id=63#primaryimage"},"thumbnailUrl":"https:\/\/ayurvedaconalma.com\/wp-content\/uploads\/2026\/03\/IMG_4750-1-edited.jpeg","datePublished":"2026-03-20T13:30:24+00:00","dateModified":"2026-03-20T13:46:28+00:00","breadcrumb":{"@id":"https:\/\/ayurvedaconalma.com\/?page_id=63#breadcrumb"},"inLanguage":"es","potentialAction":[{"@type":"ReadAction","target":["https:\/\/ayurvedaconalma.com\/?page_id=63"]}]},{"@type":"ImageObject","inLanguage":"es","@id":"https:\/\/ayurvedaconalma.com\/?page_id=63#primaryimage","url":"https:\/\/ayurvedaconalma.com\/wp-content\/uploads\/2026\/03\/IMG_4750-1-edited.jpeg","contentUrl":"https:\/\/ayurvedaconalma.com\/wp-content\/uploads\/2026\/03\/IMG_4750-1-edited.jpeg","width":2316,"height":1737},{"@type":"BreadcrumbList","@id":"https:\/\/ayurvedaconalma.com\/?page_id=63#breadcrumb","itemListElement":[{"@type":"ListItem","position":1,"name":"Portada","item":"https:\/\/ayurvedaconalma.com\/"},{"@type":"ListItem","position":2,"name":"Sobre m\u00ed"}]},{"@type":"WebSite","@id":"https:\/\/ayurvedaconalma.com\/#website","url":"https:\/\/ayurvedaconalma.com\/","name":"Ayurveda con Alma","description":"","potentialAction":[{"@type":"SearchAction","target":{"@type":"EntryPoint","urlTemplate":"https:\/\/ayurvedaconalma.com\/?s={search_term_string}"},"query-input":{"@type":"PropertyValueSpecification","valueRequired":true,"valueName":"search_term_string"}}],"inLanguage":"es"}]}},"_links":{"self":[{"href":"https:\/\/ayurvedaconalma.com\/index.php?rest_route=\/wp\/v2\/pages\/63","targetHints":{"allow":["GET"]}}],"collection":[{"href":"https:\/\/ayurvedaconalma.com\/index.php?rest_route=\/wp\/v2\/pages"}],"about":[{"href":"https:\/\/ayurvedaconalma.com\/index.php?rest_route=\/wp\/v2\/types\/page"}],"author":[{"embeddable":true,"href":"https:\/\/ayurvedaconalma.com\/index.php?rest_route=\/wp\/v2\/users\/2"}],"replies":[{"embeddable":true,"href":"https:\/\/ayurvedaconalma.com\/index.php?rest_route=%2Fwp%2Fv2%2Fcomments&post=63"}],"version-history":[{"count":4,"href":"https:\/\/ayurvedaconalma.com\/index.php?rest_route=\/wp\/v2\/pages\/63\/revisions"}],"predecessor-version":[{"id":74,"href":"https:\/\/ayurvedaconalma.com\/index.php?rest_route=\/wp\/v2\/pages\/63\/revisions\/74"}],"wp:attachment":[{"href":"https:\/\/ayurvedaconalma.com\/index.php?rest_route=%2Fwp%2Fv2%2Fmedia&parent=63"}],"curies":[{"name":"wp","href":"https:\/\/api.w.org\/{rel}","templated":true}]}}